{"id":77,"date":"2010-02-13T23:29:17","date_gmt":"2010-02-13T22:29:17","guid":{"rendered":"http:\/\/www.zavod-baraga.si\/?page_id=77"},"modified":"2025-06-23T14:19:51","modified_gmt":"2025-06-23T12:19:51","slug":"kontakt","status":"publish","type":"page","link":"https:\/\/zavod-baraga.si\/?page_id=77","title":{"rendered":"Kontakti"},"content":{"rendered":"<p><strong>ZAVOD FRIDERIK I. BARAGA<\/strong><\/p>\n<p>Smre\u010dnikova ulica 60<br \/>\nSI-8000 Novo mesto<br \/>\ntel. 07 38 44 426<br \/>\ne-naslov: <a href=\"mailto:zavod.fib@gmail.com\">zavod.fib@gmail.com<\/a><\/p>\n<p>direktor:<br \/>\ndr. Janez Gril<\/p>\n<p><strong>KONSERVATORIJ ZA GLASBO JURIJ SLATKONJA<\/strong><br \/>\nSmre\u010dnikova ulica 60<br \/>\nSI-8000 Novo mesto<br \/>\ntel. 07 38 44 426<br \/>\ne-naslov: <a href=\"mailto:konservatorij@gmail.com\">konservatorij@gmail.com<\/a><\/p>\n<p>strokovni vodja:<br \/>\nprof. Matej Burger<\/p>\n<p><strong>TAJNI\u0160TVO<\/strong><br \/>\nSmre\u010dnikova ulica 60<br \/>\nSI-8000 Novo mesto<br \/>\ntel. 07 38 44 426<br \/>\ne-naslov: <a href=\"mailto:konservatorij@gmail.com\">z<\/a>avod.fib@gmail.com<\/p>\n<p>tajnica:<br \/>\ngd\u010d. Mojca Jeni\u010d<\/p>\n<p><strong>RA\u010cUNOVODSTVO<\/strong><\/p>\n<p>Smre\u010dnikova ulica 60<br \/>\nSI-8000 Novo mesto<br \/>\ntel. 07 38 44 426<\/p>\n<p>e-naslov: <a href=\"mailto:ekonom.novo.mesto@rkc.si\">z<\/a>avod.fib@gmail.com<\/p>\n<p>ra\u010dunovodkinja:<br \/>\ngd\u010d. Mojca Jeni\u010d<\/p>\n","protected":false},"excerpt":{"rendered":"<p>ZAVOD FRIDERIK I. BARAGA Smre\u010dnikova ulica 60 SI-8000 Novo mesto tel. 07 38 44 426 e-naslov: zavod.fib@gmail.com direktor: dr. Janez Gril KONSERVATORIJ ZA GLASBO JURIJ SLATKONJA Smre\u010dnikova ulica 60 SI-8000 Novo mesto tel. 07 38 44 426 e-naslov: konservatorij@gmail.com strokovni vodja: prof. Matej Burger TAJNI\u0160TVO Smre\u010dnikova ulica 60 SI-8000 Novo mesto tel. 07 38 44 &hellip; <a href=\"https:\/\/zavod-baraga.si\/?page_id=77\" class=\"more-link\">Preberi ve\u010d<span class=\"screen-reader-text\"> &#8220;Kontakti&#8221;<\/span><\/a><\/p>\n","protected":false},"author":2,"featured_media":0,"parent":0,"menu_order":0,"comment_status":"closed","ping_status":"closed","template":"","meta":{"jetpack_post_was_ever_published":false,"footnotes":""},"yoast_head":"<!-- This site is optimized with the Yoast SEO plugin v22.2 - https:\/\/yoast.com\/wordpress\/plugins\/seo\/ -->\n<title>Kontakti - Zavod Friderik Irenej Baraga<\/title>\n<meta name=\"robots\" content=\"index, follow, max-snippet:-1, max-image-preview:large, max-video-preview:-1\" \/>\n<link rel=\"canonical\" href=\"https:\/\/zavod-baraga.si\/?page_id=77\" \/>\n<meta property=\"og:locale\" content=\"sl_SI\" \/>\n<meta property=\"og:type\" content=\"article\" \/>\n<meta property=\"og:title\" content=\"Kontakti - Zavod Friderik Irenej Baraga\" \/>\n<meta property=\"og:description\" content=\"ZAVOD FRIDERIK I. BARAGA Smre\u010dnikova ulica 60 SI-8000 Novo mesto tel. 07 38 44 426 e-naslov: zavod.fib@gmail.com direktor: dr. Janez Gril KONSERVATORIJ ZA GLASBO JURIJ SLATKONJA Smre\u010dnikova ulica 60 SI-8000 Novo mesto tel. 07 38 44 426 e-naslov: konservatorij@gmail.com strokovni vodja: prof. Matej Burger TAJNI\u0160TVO Smre\u010dnikova ulica 60 SI-8000 Novo mesto tel. 07 38 44 &hellip; Preberi ve\u010d &quot;Kontakti&quot;\" \/>\n<meta property=\"og:url\" content=\"https:\/\/zavod-baraga.si\/?page_id=77\" \/>\n<meta property=\"og:site_name\" content=\"Zavod Friderik Irenej Baraga\" \/>\n<meta property=\"article:modified_time\" content=\"2025-06-23T12:19:51+00:00\" \/>\n<meta name=\"twitter:card\" content=\"summary_large_image\" \/>\n<meta name=\"twitter:label1\" content=\"Est. reading time\" \/>\n\t<meta name=\"twitter:data1\" content=\"1 minuta\" \/>\n<script type=\"application\/ld+json\" class=\"yoast-schema-graph\">{\"@context\":\"https:\/\/schema.org\",\"@graph\":[{\"@type\":\"WebPage\",\"@id\":\"https:\/\/zavod-baraga.si\/?page_id=77\",\"url\":\"https:\/\/zavod-baraga.si\/?page_id=77\",\"name\":\"Kontakti - Zavod Friderik Irenej Baraga\",\"isPartOf\":{\"@id\":\"https:\/\/zavod-baraga.si\/#website\"},\"datePublished\":\"2010-02-13T22:29:17+00:00\",\"dateModified\":\"2025-06-23T12:19:51+00:00\",\"breadcrumb\":{\"@id\":\"https:\/\/zavod-baraga.si\/?page_id=77#breadcrumb\"},\"inLanguage\":\"sl-SI\",\"potentialAction\":[{\"@type\":\"ReadAction\",\"target\":[\"https:\/\/zavod-baraga.si\/?page_id=77\"]}]},{\"@type\":\"BreadcrumbList\",\"@id\":\"https:\/\/zavod-baraga.si\/?page_id=77#breadcrumb\",\"itemListElement\":[{\"@type\":\"ListItem\",\"position\":1,\"name\":\"Home\",\"item\":\"https:\/\/zavod-baraga.si\/\"},{\"@type\":\"ListItem\",\"position\":2,\"name\":\"Kontakti\"}]},{\"@type\":\"WebSite\",\"@id\":\"https:\/\/zavod-baraga.si\/#website\",\"url\":\"https:\/\/zavod-baraga.si\/\",\"name\":\"Zavod Friderik Irenej Baraga\",\"description\":\"za vzgojo, izobra\u017eevanje in kulturne dejavnosti\",\"potentialAction\":[{\"@type\":\"SearchAction\",\"target\":{\"@type\":\"EntryPoint\",\"urlTemplate\":\"https:\/\/zavod-baraga.si\/?s={search_term_string}\"},\"query-input\":\"required name=search_term_string\"}],\"inLanguage\":\"sl-SI\"}]}<\/script>\n<!-- \/ Yoast SEO plugin. -->","yoast_head_json":{"title":"Kontakti - Zavod Friderik Irenej Baraga","robots":{"index":"index","follow":"follow","max-snippet":"max-snippet:-1","max-image-preview":"max-image-preview:large","max-video-preview":"max-video-preview:-1"},"canonical":"https:\/\/zavod-baraga.si\/?page_id=77","og_locale":"sl_SI","og_type":"article","og_title":"Kontakti - Zavod Friderik Irenej Baraga","og_description":"ZAVOD FRIDERIK I. BARAGA Smre\u010dnikova ulica 60 SI-8000 Novo mesto tel. 07 38 44 426 e-naslov: zavod.fib@gmail.com direktor: dr. Janez Gril KONSERVATORIJ ZA GLASBO JURIJ SLATKONJA Smre\u010dnikova ulica 60 SI-8000 Novo mesto tel. 07 38 44 426 e-naslov: konservatorij@gmail.com strokovni vodja: prof. Matej Burger TAJNI\u0160TVO Smre\u010dnikova ulica 60 SI-8000 Novo mesto tel. 07 38 44 &hellip; Preberi ve\u010d \"Kontakti\"","og_url":"https:\/\/zavod-baraga.si\/?page_id=77","og_site_name":"Zavod Friderik Irenej Baraga","article_modified_time":"2025-06-23T12:19:51+00:00","twitter_card":"summary_large_image","twitter_misc":{"Est. reading time":"1 minuta"},"schema":{"@context":"https:\/\/schema.org","@graph":[{"@type":"WebPage","@id":"https:\/\/zavod-baraga.si\/?page_id=77","url":"https:\/\/zavod-baraga.si\/?page_id=77","name":"Kontakti - Zavod Friderik Irenej Baraga","isPartOf":{"@id":"https:\/\/zavod-baraga.si\/#website"},"datePublished":"2010-02-13T22:29:17+00:00","dateModified":"2025-06-23T12:19:51+00:00","breadcrumb":{"@id":"https:\/\/zavod-baraga.si\/?page_id=77#breadcrumb"},"inLanguage":"sl-SI","potentialAction":[{"@type":"ReadAction","target":["https:\/\/zavod-baraga.si\/?page_id=77"]}]},{"@type":"BreadcrumbList","@id":"https:\/\/zavod-baraga.si\/?page_id=77#breadcrumb","itemListElement":[{"@type":"ListItem","position":1,"name":"Home","item":"https:\/\/zavod-baraga.si\/"},{"@type":"ListItem","position":2,"name":"Kontakti"}]},{"@type":"WebSite","@id":"https:\/\/zavod-baraga.si\/#website","url":"https:\/\/zavod-baraga.si\/","name":"Zavod Friderik Irenej Baraga","description":"za vzgojo, izobra\u017eevanje in kulturne dejavnosti","potentialAction":[{"@type":"SearchAction","target":{"@type":"EntryPoint","urlTemplate":"https:\/\/zavod-baraga.si\/?s={search_term_string}"},"query-input":"required name=search_term_string"}],"inLanguage":"sl-SI"}]}},"jetpack_sharing_enabled":true,"_links":{"self":[{"href":"https:\/\/zavod-baraga.si\/index.php?rest_route=\/wp\/v2\/pages\/77"}],"collection":[{"href":"https:\/\/zavod-baraga.si\/index.php?rest_route=\/wp\/v2\/pages"}],"about":[{"href":"https:\/\/zavod-baraga.si\/index.php?rest_route=\/wp\/v2\/types\/page"}],"author":[{"embeddable":true,"href":"https:\/\/zavod-baraga.si\/index.php?rest_route=\/wp\/v2\/users\/2"}],"replies":[{"embeddable":true,"href":"https:\/\/zavod-baraga.si\/index.php?rest_route=%2Fwp%2Fv2%2Fcomments&post=77"}],"version-history":[{"count":2,"href":"https:\/\/zavod-baraga.si\/index.php?rest_route=\/wp\/v2\/pages\/77\/revisions"}],"predecessor-version":[{"id":1383,"href":"https:\/\/zavod-baraga.si\/index.php?rest_route=\/wp\/v2\/pages\/77\/revisions\/1383"}],"wp:attachment":[{"href":"https:\/\/zavod-baraga.si\/index.php?rest_route=%2Fwp%2Fv2%2Fmedia&parent=77"}],"curies":[{"name":"wp","href":"https:\/\/api.w.org\/{rel}","templated":true}]}}