{"id":74,"date":"2010-02-13T23:26:38","date_gmt":"2010-02-13T22:26:38","guid":{"rendered":"http:\/\/www.zavod-baraga.si\/?page_id=74"},"modified":"2010-02-13T23:26:38","modified_gmt":"2010-02-13T22:26:38","slug":"skofijski-muzej","status":"publish","type":"page","link":"https:\/\/zavod-baraga.si\/?page_id=74","title":{"rendered":"Vokalna akademija"},"content":{"rendered":"<p><strong>Vokalna Akademija Jurij Slatkonja <\/strong>je zdru\u017eenje pevcev, ljubiteljev vokalne glasbe, ki je nastalo v oktobru 2014 znotraj glasbene sredine Zavoda Friderik I. Baraga.<\/p>\n<p>Sestavljajo jo prete\u017eno izobra\u017eeni glasbeniki, ki imajo \u017eeljo po bogatej\u0161em poustvarjalnem in ustvarjalnem glasbenem udejstvovanju na Dolenjskem.<\/p>\n<p>Svoje delovanje je akademija za\u010dela pod simboli\u010dnim patronatom Jurija Slatkonje, ki je bil dunajski \u0161kof slovenskega rodu. V glasbenem svetu ga poznamo predvsem po ustanovitvi znamenitega zbora dunajskih de\u010dkov, ki od ustanovitve, leta 1498, deluje \u0161e danes.<strong> <\/strong><\/p>\n<p>Vokalna akademija se je prvi\u010d predstavila javnosti s ciklom bo\u017ei\u010dnih koncertov v januarju 2015. V drugem ciklu so se simboli\u010dno spomnili konca druge svetovne vojne in vsem trpe\u010dim Slovencem med vojno in po vojni posvetili dve deli: Psalm 130 De profundis, skladatelja Ale\u0161a Makovca in ve\u010dje delo Requiem, znanega angle\u0161kega skladatelja Johna Rutterja.<\/p>\n<p>OGLEJTE SI <a href=\"https:\/\/youtu.be\/NXZAcZxuZfI\">YT PREDSTAVITEV VOKALNE AKADEMIJE<\/a>.<\/p>\n","protected":false},"excerpt":{"rendered":"<p>Vokalna Akademija Jurij Slatkonja je zdru\u017eenje pevcev, ljubiteljev vokalne glasbe, ki je nastalo v oktobru 2014 znotraj glasbene sredine Zavoda Friderik I. Baraga. Sestavljajo jo prete\u017eno izobra\u017eeni glasbeniki, ki imajo \u017eeljo po bogatej\u0161em poustvarjalnem in ustvarjalnem glasbenem udejstvovanju na Dolenjskem. Svoje delovanje je akademija za\u010dela pod simboli\u010dnim patronatom Jurija Slatkonje, ki je bil dunajski \u0161kof &hellip; <a href=\"https:\/\/zavod-baraga.si\/?page_id=74\" class=\"more-link\">Preberi ve\u010d<span class=\"screen-reader-text\"> &#8220;Vokalna akademija&#8221;<\/span><\/a><\/p>\n","protected":false},"author":2,"featured_media":0,"parent":0,"menu_order":0,"comment_status":"closed","ping_status":"closed","template":"","meta":{"jetpack_post_was_ever_published":false,"footnotes":""},"yoast_head":"<!-- This site is optimized with the Yoast SEO plugin v22.2 - https:\/\/yoast.com\/wordpress\/plugins\/seo\/ -->\n<title>Vokalna akademija - Zavod Friderik Irenej Baraga<\/title>\n<meta name=\"robots\" content=\"index, follow, max-snippet:-1, max-image-preview:large, max-video-preview:-1\" \/>\n<link rel=\"canonical\" href=\"https:\/\/zavod-baraga.si\/?page_id=74\" \/>\n<meta property=\"og:locale\" content=\"sl_SI\" \/>\n<meta property=\"og:type\" content=\"article\" \/>\n<meta property=\"og:title\" content=\"Vokalna akademija - Zavod Friderik Irenej Baraga\" \/>\n<meta property=\"og:description\" content=\"Vokalna Akademija Jurij Slatkonja je zdru\u017eenje pevcev, ljubiteljev vokalne glasbe, ki je nastalo v oktobru 2014 znotraj glasbene sredine Zavoda Friderik I. Baraga. Sestavljajo jo prete\u017eno izobra\u017eeni glasbeniki, ki imajo \u017eeljo po bogatej\u0161em poustvarjalnem in ustvarjalnem glasbenem udejstvovanju na Dolenjskem. Svoje delovanje je akademija za\u010dela pod simboli\u010dnim patronatom Jurija Slatkonje, ki je bil dunajski \u0161kof &hellip; Preberi ve\u010d &quot;Vokalna akademija&quot;\" \/>\n<meta property=\"og:url\" content=\"https:\/\/zavod-baraga.si\/?page_id=74\" \/>\n<meta property=\"og:site_name\" content=\"Zavod Friderik Irenej Baraga\" \/>\n<meta name=\"twitter:card\" content=\"summary_large_image\" \/>\n<meta name=\"twitter:label1\" content=\"Est. reading time\" \/>\n\t<meta name=\"twitter:data1\" content=\"1 minuta\" \/>\n<script type=\"application\/ld+json\" class=\"yoast-schema-graph\">{\"@context\":\"https:\/\/schema.org\",\"@graph\":[{\"@type\":\"WebPage\",\"@id\":\"https:\/\/zavod-baraga.si\/?page_id=74\",\"url\":\"https:\/\/zavod-baraga.si\/?page_id=74\",\"name\":\"Vokalna akademija - Zavod Friderik Irenej Baraga\",\"isPartOf\":{\"@id\":\"https:\/\/zavod-baraga.si\/#website\"},\"datePublished\":\"2010-02-13T22:26:38+00:00\",\"dateModified\":\"2010-02-13T22:26:38+00:00\",\"breadcrumb\":{\"@id\":\"https:\/\/zavod-baraga.si\/?page_id=74#breadcrumb\"},\"inLanguage\":\"sl-SI\",\"potentialAction\":[{\"@type\":\"ReadAction\",\"target\":[\"https:\/\/zavod-baraga.si\/?page_id=74\"]}]},{\"@type\":\"BreadcrumbList\",\"@id\":\"https:\/\/zavod-baraga.si\/?page_id=74#breadcrumb\",\"itemListElement\":[{\"@type\":\"ListItem\",\"position\":1,\"name\":\"Home\",\"item\":\"https:\/\/zavod-baraga.si\/\"},{\"@type\":\"ListItem\",\"position\":2,\"name\":\"Vokalna akademija\"}]},{\"@type\":\"WebSite\",\"@id\":\"https:\/\/zavod-baraga.si\/#website\",\"url\":\"https:\/\/zavod-baraga.si\/\",\"name\":\"Zavod Friderik Irenej Baraga\",\"description\":\"za vzgojo, izobra\u017eevanje in kulturne dejavnosti\",\"potentialAction\":[{\"@type\":\"SearchAction\",\"target\":{\"@type\":\"EntryPoint\",\"urlTemplate\":\"https:\/\/zavod-baraga.si\/?s={search_term_string}\"},\"query-input\":\"required name=search_term_string\"}],\"inLanguage\":\"sl-SI\"}]}<\/script>\n<!-- \/ Yoast SEO plugin. -->","yoast_head_json":{"title":"Vokalna akademija - Zavod Friderik Irenej Baraga","robots":{"index":"index","follow":"follow","max-snippet":"max-snippet:-1","max-image-preview":"max-image-preview:large","max-video-preview":"max-video-preview:-1"},"canonical":"https:\/\/zavod-baraga.si\/?page_id=74","og_locale":"sl_SI","og_type":"article","og_title":"Vokalna akademija - Zavod Friderik Irenej Baraga","og_description":"Vokalna Akademija Jurij Slatkonja je zdru\u017eenje pevcev, ljubiteljev vokalne glasbe, ki je nastalo v oktobru 2014 znotraj glasbene sredine Zavoda Friderik I. Baraga. Sestavljajo jo prete\u017eno izobra\u017eeni glasbeniki, ki imajo \u017eeljo po bogatej\u0161em poustvarjalnem in ustvarjalnem glasbenem udejstvovanju na Dolenjskem. Svoje delovanje je akademija za\u010dela pod simboli\u010dnim patronatom Jurija Slatkonje, ki je bil dunajski \u0161kof &hellip; Preberi ve\u010d \"Vokalna akademija\"","og_url":"https:\/\/zavod-baraga.si\/?page_id=74","og_site_name":"Zavod Friderik Irenej Baraga","twitter_card":"summary_large_image","twitter_misc":{"Est. reading time":"1 minuta"},"schema":{"@context":"https:\/\/schema.org","@graph":[{"@type":"WebPage","@id":"https:\/\/zavod-baraga.si\/?page_id=74","url":"https:\/\/zavod-baraga.si\/?page_id=74","name":"Vokalna akademija - Zavod Friderik Irenej Baraga","isPartOf":{"@id":"https:\/\/zavod-baraga.si\/#website"},"datePublished":"2010-02-13T22:26:38+00:00","dateModified":"2010-02-13T22:26:38+00:00","breadcrumb":{"@id":"https:\/\/zavod-baraga.si\/?page_id=74#breadcrumb"},"inLanguage":"sl-SI","potentialAction":[{"@type":"ReadAction","target":["https:\/\/zavod-baraga.si\/?page_id=74"]}]},{"@type":"BreadcrumbList","@id":"https:\/\/zavod-baraga.si\/?page_id=74#breadcrumb","itemListElement":[{"@type":"ListItem","position":1,"name":"Home","item":"https:\/\/zavod-baraga.si\/"},{"@type":"ListItem","position":2,"name":"Vokalna akademija"}]},{"@type":"WebSite","@id":"https:\/\/zavod-baraga.si\/#website","url":"https:\/\/zavod-baraga.si\/","name":"Zavod Friderik Irenej Baraga","description":"za vzgojo, izobra\u017eevanje in kulturne dejavnosti","potentialAction":[{"@type":"SearchAction","target":{"@type":"EntryPoint","urlTemplate":"https:\/\/zavod-baraga.si\/?s={search_term_string}"},"query-input":"required name=search_term_string"}],"inLanguage":"sl-SI"}]}},"jetpack_sharing_enabled":true,"_links":{"self":[{"href":"https:\/\/zavod-baraga.si\/index.php?rest_route=\/wp\/v2\/pages\/74"}],"collection":[{"href":"https:\/\/zavod-baraga.si\/index.php?rest_route=\/wp\/v2\/pages"}],"about":[{"href":"https:\/\/zavod-baraga.si\/index.php?rest_route=\/wp\/v2\/types\/page"}],"author":[{"embeddable":true,"href":"https:\/\/zavod-baraga.si\/index.php?rest_route=\/wp\/v2\/users\/2"}],"replies":[{"embeddable":true,"href":"https:\/\/zavod-baraga.si\/index.php?rest_route=%2Fwp%2Fv2%2Fcomments&post=74"}],"version-history":[{"count":0,"href":"https:\/\/zavod-baraga.si\/index.php?rest_route=\/wp\/v2\/pages\/74\/revisions"}],"wp:attachment":[{"href":"https:\/\/zavod-baraga.si\/index.php?rest_route=%2Fwp%2Fv2%2Fmedia&parent=74"}],"curies":[{"name":"wp","href":"https:\/\/api.w.org\/{rel}","templated":true}]}}