{"id":72,"date":"2010-02-13T23:26:20","date_gmt":"2010-02-13T22:26:20","guid":{"rendered":"http:\/\/www.zavod-baraga.si\/?page_id=72"},"modified":"2025-08-23T13:12:17","modified_gmt":"2025-08-23T11:12:17","slug":"konservatorij-za-glasbo","status":"publish","type":"page","link":"https:\/\/zavod-baraga.si\/?page_id=72","title":{"rendered":"Konservatorij za glasbo"},"content":{"rendered":"<p><strong>KONSERVATORIJ ZA GLASBO JURIJ SLATKONJA<\/strong><br \/>Smre\u010dnikova ulica 60<br \/>SI-8000 Novo mesto<br \/>tel. 07 38 44 426<br \/>e-naslov:\u00a0<a href=\"mailto:konservatorij@gmail.com\" target=\"_blank\" rel=\"noopener noreferrer\">konservatorij@gmail.<wbr \/>com<\/a><\/p>\n<p>strokovni in programski vodja:<br \/>prof. Matej Burger<\/p>\n<p>e-naslov:\u00a0<a href=\"mailto:matej.burger@zavod-baraga.si\" target=\"_blank\" rel=\"noopener noreferrer\">matej.burger@zavod-baraga.si<\/a><\/p>\n<p>tel. 07 38 44 425<\/p>\n\n\n<h4 class=\"wp-block-heading\">U\u010cITELJI<\/h4>\n\n\n\n<figure class=\"wp-block-table alignleft is-style-stripes\"><table><tbody><tr><td>Marko Jeni\u010d<\/td><td>trobenta<\/td><\/tr><tr><td>Ana Anderli\u010d<\/td><td>klarinet<\/td><\/tr><tr><td>Andrej Toma\u017ein<\/td><td>saksofon<\/td><\/tr><tr><td>Simon \u0160irec<\/td><td>saksofon<\/td><\/tr><tr><td>Zoltan Peter<\/td><td>klavir<\/td><\/tr><tr><td>Eva Zec<\/td><td>klavir<\/td><\/tr><tr><td>Katarina Kurtijak<\/td><td>klavir<\/td><\/tr><tr><td>Alenka Podpe\u010dan<\/td><td>klavir<\/td><\/tr><tr><td>Matej Burger<\/td><td>klavir, orgle in nauk o glasbi<\/td><\/tr><tr><td>Tereza Podlogar<\/td><td> klavir, orgle in nauk o glasbi <\/td><\/tr><tr><td>Jakob Brodari\u010d<\/td><td>klavir,  nauk o glasbi<\/td><\/tr><tr><td>Marko Brodari\u010d<\/td><td>klavir,  nauk o glasbi <\/td><\/tr><tr><td>Barbara Lotri\u010d<\/td><td>petje<\/td><\/tr><tr><td>Lucas Somoza Osterc<\/td><td>petje<\/td><\/tr><tr><td>Bojan Risti\u010d<\/td><td>kitara, violina<\/td><\/tr><tr><td>Primo\u017e Mo\u0161kon<\/td><td>kitara<\/td><\/tr><tr><td>Dominik Strgar<\/td><td>bariton<\/td><\/tr><tr><td>Uro\u0161 Bon<\/td><td>tolkala<\/td><\/tr><tr><td>Marko \u0160u\u0161ter\u0161i\u010d<\/td><td>klavirska in diatoni\u010dna harmonika<\/td><\/tr><tr><td>\u0160pela Ben\u010dina<\/td><td>flavta<\/td><\/tr><tr><td>Nikolina Kova\u010d<\/td><td>flavta<\/td><\/tr><\/tbody><\/table><\/figure>\n\n\n\n<h4 class=\"wp-block-heading\">Cenik za \u0161olsko leto 2025\/2026<\/h4>\n\n\n\n<figure class=\"wp-block-table is-style-stripes\"><table><tbody><tr><td>In\u0161trument 30 min\/teden<\/td><td>52 \u20ac<\/td><\/tr><tr><td>In\u0161trument 45 min\/teden<\/td><td>72 \u20ac<\/td><\/tr><tr><td>In\u0161trument 60 min\/teden<\/td><td>82 \u20ac<\/td><\/tr><tr><td>Samo nauk o glasbi<\/td><td>26 \u20ac<\/td><\/tr><tr><td>In\u0161trument 45 min\/teden + nauk o glasbi<\/td><td>88 \u20ac<\/td><\/tr><tr><td>In\u0161trument 60 min\/teden + nauk o glasbi<\/td><td>98 \u20ac<\/td><\/tr><\/tbody><\/table><\/figure>\n\n\n\n<!-- SqualoMail Popup -->\n<script type=\"text\/javascript\" src=\"https:\/\/8385.squalomail.net\/forms\/3\/popup.js\" async><\/script>\n","protected":false},"excerpt":{"rendered":"<p>KONSERVATORIJ ZA GLASBO JURIJ SLATKONJASmre\u010dnikova ulica 60SI-8000 Novo mestotel. 07 38 44 426e-naslov:\u00a0konservatorij@gmail.com strokovni in programski vodja:prof. Matej Burger e-naslov:\u00a0matej.burger@zavod-baraga.si tel. 07 38 44 425 U\u010cITELJI Marko Jeni\u010d trobenta Ana Anderli\u010d klarinet Andrej Toma\u017ein saksofon Simon \u0160irec saksofon Zoltan Peter klavir Eva Zec klavir Katarina Kurtijak klavir Alenka Podpe\u010dan klavir Matej Burger klavir, orgle in &hellip; <a href=\"https:\/\/zavod-baraga.si\/?page_id=72\" class=\"more-link\">Preberi ve\u010d<span class=\"screen-reader-text\"> &#8220;Konservatorij za glasbo&#8221;<\/span><\/a><\/p>\n","protected":false},"author":2,"featured_media":0,"parent":0,"menu_order":0,"comment_status":"closed","ping_status":"closed","template":"","meta":{"jetpack_post_was_ever_published":false,"footnotes":""},"yoast_head":"<!-- This site is optimized with the Yoast SEO plugin v22.2 - https:\/\/yoast.com\/wordpress\/plugins\/seo\/ -->\n<title>Konservatorij za glasbo - Zavod Friderik Irenej Baraga<\/title>\n<meta name=\"robots\" content=\"index, follow, max-snippet:-1, max-image-preview:large, max-video-preview:-1\" \/>\n<link rel=\"canonical\" href=\"https:\/\/zavod-baraga.si\/?page_id=72\" \/>\n<meta property=\"og:locale\" content=\"sl_SI\" \/>\n<meta property=\"og:type\" content=\"article\" \/>\n<meta property=\"og:title\" content=\"Konservatorij za glasbo - Zavod Friderik Irenej Baraga\" \/>\n<meta property=\"og:description\" content=\"KONSERVATORIJ ZA GLASBO JURIJ SLATKONJASmre\u010dnikova ulica 60SI-8000 Novo mestotel. 07 38 44 426e-naslov:\u00a0konservatorij@gmail.com strokovni in programski vodja:prof. Matej Burger e-naslov:\u00a0matej.burger@zavod-baraga.si tel. 07 38 44 425 U\u010cITELJI Marko Jeni\u010d trobenta Ana Anderli\u010d klarinet Andrej Toma\u017ein saksofon Simon \u0160irec saksofon Zoltan Peter klavir Eva Zec klavir Katarina Kurtijak klavir Alenka Podpe\u010dan klavir Matej Burger klavir, orgle in &hellip; Preberi ve\u010d &quot;Konservatorij za glasbo&quot;\" \/>\n<meta property=\"og:url\" content=\"https:\/\/zavod-baraga.si\/?page_id=72\" \/>\n<meta property=\"og:site_name\" content=\"Zavod Friderik Irenej Baraga\" \/>\n<meta property=\"article:modified_time\" content=\"2025-08-23T11:12:17+00:00\" \/>\n<meta name=\"twitter:card\" content=\"summary_large_image\" \/>\n<meta name=\"twitter:label1\" content=\"Est. reading time\" \/>\n\t<meta name=\"twitter:data1\" content=\"1 minuta\" \/>\n<script type=\"application\/ld+json\" class=\"yoast-schema-graph\">{\"@context\":\"https:\/\/schema.org\",\"@graph\":[{\"@type\":\"WebPage\",\"@id\":\"https:\/\/zavod-baraga.si\/?page_id=72\",\"url\":\"https:\/\/zavod-baraga.si\/?page_id=72\",\"name\":\"Konservatorij za glasbo - Zavod Friderik Irenej Baraga\",\"isPartOf\":{\"@id\":\"https:\/\/zavod-baraga.si\/#website\"},\"datePublished\":\"2010-02-13T22:26:20+00:00\",\"dateModified\":\"2025-08-23T11:12:17+00:00\",\"breadcrumb\":{\"@id\":\"https:\/\/zavod-baraga.si\/?page_id=72#breadcrumb\"},\"inLanguage\":\"sl-SI\",\"potentialAction\":[{\"@type\":\"ReadAction\",\"target\":[\"https:\/\/zavod-baraga.si\/?page_id=72\"]}]},{\"@type\":\"BreadcrumbList\",\"@id\":\"https:\/\/zavod-baraga.si\/?page_id=72#breadcrumb\",\"itemListElement\":[{\"@type\":\"ListItem\",\"position\":1,\"name\":\"Home\",\"item\":\"https:\/\/zavod-baraga.si\/\"},{\"@type\":\"ListItem\",\"position\":2,\"name\":\"Konservatorij za glasbo\"}]},{\"@type\":\"WebSite\",\"@id\":\"https:\/\/zavod-baraga.si\/#website\",\"url\":\"https:\/\/zavod-baraga.si\/\",\"name\":\"Zavod Friderik Irenej Baraga\",\"description\":\"za vzgojo, izobra\u017eevanje in kulturne dejavnosti\",\"potentialAction\":[{\"@type\":\"SearchAction\",\"target\":{\"@type\":\"EntryPoint\",\"urlTemplate\":\"https:\/\/zavod-baraga.si\/?s={search_term_string}\"},\"query-input\":\"required name=search_term_string\"}],\"inLanguage\":\"sl-SI\"}]}<\/script>\n<!-- \/ Yoast SEO plugin. -->","yoast_head_json":{"title":"Konservatorij za glasbo - Zavod Friderik Irenej Baraga","robots":{"index":"index","follow":"follow","max-snippet":"max-snippet:-1","max-image-preview":"max-image-preview:large","max-video-preview":"max-video-preview:-1"},"canonical":"https:\/\/zavod-baraga.si\/?page_id=72","og_locale":"sl_SI","og_type":"article","og_title":"Konservatorij za glasbo - Zavod Friderik Irenej Baraga","og_description":"KONSERVATORIJ ZA GLASBO JURIJ SLATKONJASmre\u010dnikova ulica 60SI-8000 Novo mestotel. 07 38 44 426e-naslov:\u00a0konservatorij@gmail.com strokovni in programski vodja:prof. Matej Burger e-naslov:\u00a0matej.burger@zavod-baraga.si tel. 07 38 44 425 U\u010cITELJI Marko Jeni\u010d trobenta Ana Anderli\u010d klarinet Andrej Toma\u017ein saksofon Simon \u0160irec saksofon Zoltan Peter klavir Eva Zec klavir Katarina Kurtijak klavir Alenka Podpe\u010dan klavir Matej Burger klavir, orgle in &hellip; Preberi ve\u010d \"Konservatorij za glasbo\"","og_url":"https:\/\/zavod-baraga.si\/?page_id=72","og_site_name":"Zavod Friderik Irenej Baraga","article_modified_time":"2025-08-23T11:12:17+00:00","twitter_card":"summary_large_image","twitter_misc":{"Est. reading time":"1 minuta"},"schema":{"@context":"https:\/\/schema.org","@graph":[{"@type":"WebPage","@id":"https:\/\/zavod-baraga.si\/?page_id=72","url":"https:\/\/zavod-baraga.si\/?page_id=72","name":"Konservatorij za glasbo - Zavod Friderik Irenej Baraga","isPartOf":{"@id":"https:\/\/zavod-baraga.si\/#website"},"datePublished":"2010-02-13T22:26:20+00:00","dateModified":"2025-08-23T11:12:17+00:00","breadcrumb":{"@id":"https:\/\/zavod-baraga.si\/?page_id=72#breadcrumb"},"inLanguage":"sl-SI","potentialAction":[{"@type":"ReadAction","target":["https:\/\/zavod-baraga.si\/?page_id=72"]}]},{"@type":"BreadcrumbList","@id":"https:\/\/zavod-baraga.si\/?page_id=72#breadcrumb","itemListElement":[{"@type":"ListItem","position":1,"name":"Home","item":"https:\/\/zavod-baraga.si\/"},{"@type":"ListItem","position":2,"name":"Konservatorij za glasbo"}]},{"@type":"WebSite","@id":"https:\/\/zavod-baraga.si\/#website","url":"https:\/\/zavod-baraga.si\/","name":"Zavod Friderik Irenej Baraga","description":"za vzgojo, izobra\u017eevanje in kulturne dejavnosti","potentialAction":[{"@type":"SearchAction","target":{"@type":"EntryPoint","urlTemplate":"https:\/\/zavod-baraga.si\/?s={search_term_string}"},"query-input":"required name=search_term_string"}],"inLanguage":"sl-SI"}]}},"jetpack_sharing_enabled":true,"_links":{"self":[{"href":"https:\/\/zavod-baraga.si\/index.php?rest_route=\/wp\/v2\/pages\/72"}],"collection":[{"href":"https:\/\/zavod-baraga.si\/index.php?rest_route=\/wp\/v2\/pages"}],"about":[{"href":"https:\/\/zavod-baraga.si\/index.php?rest_route=\/wp\/v2\/types\/page"}],"author":[{"embeddable":true,"href":"https:\/\/zavod-baraga.si\/index.php?rest_route=\/wp\/v2\/users\/2"}],"replies":[{"embeddable":true,"href":"https:\/\/zavod-baraga.si\/index.php?rest_route=%2Fwp%2Fv2%2Fcomments&post=72"}],"version-history":[{"count":9,"href":"https:\/\/zavod-baraga.si\/index.php?rest_route=\/wp\/v2\/pages\/72\/revisions"}],"predecessor-version":[{"id":1389,"href":"https:\/\/zavod-baraga.si\/index.php?rest_route=\/wp\/v2\/pages\/72\/revisions\/1389"}],"wp:attachment":[{"href":"https:\/\/zavod-baraga.si\/index.php?rest_route=%2Fwp%2Fv2%2Fmedia&parent=72"}],"curies":[{"name":"wp","href":"https:\/\/api.w.org\/{rel}","templated":true}]}}