{"id":5,"date":"2010-02-05T09:11:46","date_gmt":"2010-02-05T08:11:46","guid":{"rendered":"http:\/\/www.zavod-baraga.si\/?page_id=2"},"modified":"2019-05-18T18:07:40","modified_gmt":"2019-05-18T16:07:40","slug":"about","status":"publish","type":"page","link":"https:\/\/zavod-baraga.si\/?page_id=5","title":{"rendered":"O zavodu"},"content":{"rendered":"<p>Zavod Friderik Irenej Baraga za vgojo, izobra\u017eevanje in kulturne dejavnosti je leta 2007 ustanovila takrat ustanovljena \u0161kofija Novo mesto. V njem trenutno aktivno deluje Konservatorij za glasbo Jurij Slatkonja, prostore zavoda pa uporabljata \u0161e \u0160kofijska Karitas Novo mesto in Katehetsko &#8211; pastoralna \u0161ola ter druge skupine in posamezniki.<\/p>\n","protected":false},"excerpt":{"rendered":"<p>Zavod Friderik Irenej Baraga za vgojo, izobra\u017eevanje in kulturne dejavnosti je leta 2007 ustanovila takrat ustanovljena \u0161kofija Novo mesto. V njem trenutno aktivno deluje Konservatorij za glasbo Jurij Slatkonja, prostore zavoda pa uporabljata \u0161e \u0160kofijska Karitas Novo mesto in Katehetsko &#8211; pastoralna \u0161ola ter druge skupine in posamezniki.<\/p>\n","protected":false},"author":2,"featured_media":0,"parent":0,"menu_order":0,"comment_status":"closed","ping_status":"closed","template":"","meta":{"jetpack_post_was_ever_published":false,"footnotes":""},"yoast_head":"<!-- This site is optimized with the Yoast SEO plugin v22.2 - https:\/\/yoast.com\/wordpress\/plugins\/seo\/ -->\n<title>O zavodu - Zavod Friderik Irenej Baraga<\/title>\n<meta name=\"robots\" content=\"index, follow, max-snippet:-1, max-image-preview:large, max-video-preview:-1\" \/>\n<link rel=\"canonical\" href=\"https:\/\/zavod-baraga.si\/?page_id=5\" \/>\n<meta property=\"og:locale\" content=\"sl_SI\" \/>\n<meta property=\"og:type\" content=\"article\" \/>\n<meta property=\"og:title\" content=\"O zavodu - Zavod Friderik Irenej Baraga\" \/>\n<meta property=\"og:description\" content=\"Zavod Friderik Irenej Baraga za vgojo, izobra\u017eevanje in kulturne dejavnosti je leta 2007 ustanovila takrat ustanovljena \u0161kofija Novo mesto. V njem trenutno aktivno deluje Konservatorij za glasbo Jurij Slatkonja, prostore zavoda pa uporabljata \u0161e \u0160kofijska Karitas Novo mesto in Katehetsko &#8211; pastoralna \u0161ola ter druge skupine in posamezniki.\" \/>\n<meta property=\"og:url\" content=\"https:\/\/zavod-baraga.si\/?page_id=5\" \/>\n<meta property=\"og:site_name\" content=\"Zavod Friderik Irenej Baraga\" \/>\n<meta property=\"article:modified_time\" content=\"2019-05-18T16:07:40+00:00\" \/>\n<meta name=\"twitter:card\" content=\"summary_large_image\" \/>\n<script type=\"application\/ld+json\" class=\"yoast-schema-graph\">{\"@context\":\"https:\/\/schema.org\",\"@graph\":[{\"@type\":\"WebPage\",\"@id\":\"https:\/\/zavod-baraga.si\/?page_id=5\",\"url\":\"https:\/\/zavod-baraga.si\/?page_id=5\",\"name\":\"O zavodu - Zavod Friderik Irenej Baraga\",\"isPartOf\":{\"@id\":\"https:\/\/zavod-baraga.si\/#website\"},\"datePublished\":\"2010-02-05T08:11:46+00:00\",\"dateModified\":\"2019-05-18T16:07:40+00:00\",\"breadcrumb\":{\"@id\":\"https:\/\/zavod-baraga.si\/?page_id=5#breadcrumb\"},\"inLanguage\":\"sl-SI\",\"potentialAction\":[{\"@type\":\"ReadAction\",\"target\":[\"https:\/\/zavod-baraga.si\/?page_id=5\"]}]},{\"@type\":\"BreadcrumbList\",\"@id\":\"https:\/\/zavod-baraga.si\/?page_id=5#breadcrumb\",\"itemListElement\":[{\"@type\":\"ListItem\",\"position\":1,\"name\":\"Home\",\"item\":\"https:\/\/zavod-baraga.si\/\"},{\"@type\":\"ListItem\",\"position\":2,\"name\":\"O zavodu\"}]},{\"@type\":\"WebSite\",\"@id\":\"https:\/\/zavod-baraga.si\/#website\",\"url\":\"https:\/\/zavod-baraga.si\/\",\"name\":\"Zavod Friderik Irenej Baraga\",\"description\":\"za vzgojo, izobra\u017eevanje in kulturne dejavnosti\",\"potentialAction\":[{\"@type\":\"SearchAction\",\"target\":{\"@type\":\"EntryPoint\",\"urlTemplate\":\"https:\/\/zavod-baraga.si\/?s={search_term_string}\"},\"query-input\":\"required name=search_term_string\"}],\"inLanguage\":\"sl-SI\"}]}<\/script>\n<!-- \/ Yoast SEO plugin. -->","yoast_head_json":{"title":"O zavodu - Zavod Friderik Irenej Baraga","robots":{"index":"index","follow":"follow","max-snippet":"max-snippet:-1","max-image-preview":"max-image-preview:large","max-video-preview":"max-video-preview:-1"},"canonical":"https:\/\/zavod-baraga.si\/?page_id=5","og_locale":"sl_SI","og_type":"article","og_title":"O zavodu - Zavod Friderik Irenej Baraga","og_description":"Zavod Friderik Irenej Baraga za vgojo, izobra\u017eevanje in kulturne dejavnosti je leta 2007 ustanovila takrat ustanovljena \u0161kofija Novo mesto. V njem trenutno aktivno deluje Konservatorij za glasbo Jurij Slatkonja, prostore zavoda pa uporabljata \u0161e \u0160kofijska Karitas Novo mesto in Katehetsko &#8211; pastoralna \u0161ola ter druge skupine in posamezniki.","og_url":"https:\/\/zavod-baraga.si\/?page_id=5","og_site_name":"Zavod Friderik Irenej Baraga","article_modified_time":"2019-05-18T16:07:40+00:00","twitter_card":"summary_large_image","schema":{"@context":"https:\/\/schema.org","@graph":[{"@type":"WebPage","@id":"https:\/\/zavod-baraga.si\/?page_id=5","url":"https:\/\/zavod-baraga.si\/?page_id=5","name":"O zavodu - Zavod Friderik Irenej Baraga","isPartOf":{"@id":"https:\/\/zavod-baraga.si\/#website"},"datePublished":"2010-02-05T08:11:46+00:00","dateModified":"2019-05-18T16:07:40+00:00","breadcrumb":{"@id":"https:\/\/zavod-baraga.si\/?page_id=5#breadcrumb"},"inLanguage":"sl-SI","potentialAction":[{"@type":"ReadAction","target":["https:\/\/zavod-baraga.si\/?page_id=5"]}]},{"@type":"BreadcrumbList","@id":"https:\/\/zavod-baraga.si\/?page_id=5#breadcrumb","itemListElement":[{"@type":"ListItem","position":1,"name":"Home","item":"https:\/\/zavod-baraga.si\/"},{"@type":"ListItem","position":2,"name":"O zavodu"}]},{"@type":"WebSite","@id":"https:\/\/zavod-baraga.si\/#website","url":"https:\/\/zavod-baraga.si\/","name":"Zavod Friderik Irenej Baraga","description":"za vzgojo, izobra\u017eevanje in kulturne dejavnosti","potentialAction":[{"@type":"SearchAction","target":{"@type":"EntryPoint","urlTemplate":"https:\/\/zavod-baraga.si\/?s={search_term_string}"},"query-input":"required name=search_term_string"}],"inLanguage":"sl-SI"}]}},"jetpack_sharing_enabled":true,"_links":{"self":[{"href":"https:\/\/zavod-baraga.si\/index.php?rest_route=\/wp\/v2\/pages\/5"}],"collection":[{"href":"https:\/\/zavod-baraga.si\/index.php?rest_route=\/wp\/v2\/pages"}],"about":[{"href":"https:\/\/zavod-baraga.si\/index.php?rest_route=\/wp\/v2\/types\/page"}],"author":[{"embeddable":true,"href":"https:\/\/zavod-baraga.si\/index.php?rest_route=\/wp\/v2\/users\/2"}],"replies":[{"embeddable":true,"href":"https:\/\/zavod-baraga.si\/index.php?rest_route=%2Fwp%2Fv2%2Fcomments&post=5"}],"version-history":[{"count":2,"href":"https:\/\/zavod-baraga.si\/index.php?rest_route=\/wp\/v2\/pages\/5\/revisions"}],"predecessor-version":[{"id":1375,"href":"https:\/\/zavod-baraga.si\/index.php?rest_route=\/wp\/v2\/pages\/5\/revisions\/1375"}],"wp:attachment":[{"href":"https:\/\/zavod-baraga.si\/index.php?rest_route=%2Fwp%2Fv2%2Fmedia&parent=5"}],"curies":[{"name":"wp","href":"https:\/\/api.w.org\/{rel}","templated":true}]}}