{"id":1181,"date":"2019-05-18T17:59:12","date_gmt":"2019-05-18T15:59:12","guid":{"rendered":"http:\/\/zavod-baraga.si\/?page_id=1181"},"modified":"2019-05-18T17:59:12","modified_gmt":"2019-05-18T15:59:12","slug":"sakralni-abonma","status":"publish","type":"page","link":"https:\/\/zavod-baraga.si\/?page_id=1181","title":{"rendered":"Sakralni abonma"},"content":{"rendered":"\n<figure class=\"wp-block-image is-resized\"><img loading=\"lazy\" decoding=\"async\" src=\"https:\/\/i0.wp.com\/zavod-baraga.si\/wp-content\/uploads\/2019\/05\/novome\u0161ki_sakralni_abonma_2019_small.png?resize=233%2C331\" alt=\"\" class=\"wp-image-1182\" width=\"233\" height=\"331\" data-recalc-dims=\"1\" \/><\/figure>\n\n\n\n<p>Konservatorij za glasbo Jurij Slatkonja, ki deluje v okviru \u0161kofijskega Zavoda Friderika Ireneja Baraga&nbsp;<strong>v letu 2019 pri\u010denja z novim projektom<\/strong>, tako imenovanim<strong>&nbsp;Novome\u0161kim sakralnim abonmajem<\/strong>, s katerim Novo mesto stopa ob bok drugim evropskim mestom, kjer so tak\u0161ni abonmaji postali \u017ee tradicija. S tem projektom \u017eelijo ponuditi novo mo\u017enost kulturnega udejstvovanja za ob\u010dinstvo iz Novega mesta in \u0161ir\u0161e okolice. Na osmih koncertih bodo nastopile priznane zasedbe, ki u\u017eivajo ugled doma in v tujini. Zate se obetajo vrhunski dogodki na podro\u010dju sakralne glasbe.<\/p>\n\n\n\n<p><em>Vstopnine ni. Prostovoljni prispevki bodo namenjeni pokrivanju stro\u0161kov koncertov.<\/em><\/p>\n\n\n\n<div class=\"wp-block-file\"><a href=\"http:\/\/zavod-baraga.si\/wp-content\/uploads\/2019\/05\/novomeski_sakralni_abonma_19_letaka5_www.pdf\">Spored sakralnega abonmaja<\/a><a href=\"http:\/\/zavod-baraga.si\/wp-content\/uploads\/2019\/05\/novomeski_sakralni_abonma_19_letaka5_www.pdf\" class=\"wp-block-file__button\" download>Prenesi<\/a><\/div>\n","protected":false},"excerpt":{"rendered":"<p>Konservatorij za glasbo Jurij Slatkonja, ki deluje v okviru \u0161kofijskega Zavoda Friderika Ireneja Baraga&nbsp;v letu 2019 pri\u010denja z novim projektom, tako imenovanim&nbsp;Novome\u0161kim sakralnim abonmajem, s katerim Novo mesto stopa ob bok drugim evropskim mestom, kjer so tak\u0161ni abonmaji postali \u017ee tradicija. S tem projektom \u017eelijo ponuditi novo mo\u017enost kulturnega udejstvovanja za ob\u010dinstvo iz Novega mesta &hellip; <a href=\"https:\/\/zavod-baraga.si\/?page_id=1181\" class=\"more-link\">Preberi ve\u010d<span class=\"screen-reader-text\"> &#8220;Sakralni abonma&#8221;<\/span><\/a><\/p>\n","protected":false},"author":2,"featured_media":0,"parent":0,"menu_order":0,"comment_status":"closed","ping_status":"closed","template":"","meta":{"jetpack_post_was_ever_published":false,"footnotes":""},"yoast_head":"<!-- This site is optimized with the Yoast SEO plugin v22.2 - https:\/\/yoast.com\/wordpress\/plugins\/seo\/ -->\n<title>Sakralni abonma - Zavod Friderik Irenej Baraga<\/title>\n<meta name=\"robots\" content=\"index, follow, max-snippet:-1, max-image-preview:large, max-video-preview:-1\" \/>\n<link rel=\"canonical\" href=\"https:\/\/zavod-baraga.si\/?page_id=1181\" \/>\n<meta property=\"og:locale\" content=\"sl_SI\" \/>\n<meta property=\"og:type\" content=\"article\" \/>\n<meta property=\"og:title\" content=\"Sakralni abonma - Zavod Friderik Irenej Baraga\" \/>\n<meta property=\"og:description\" content=\"Konservatorij za glasbo Jurij Slatkonja, ki deluje v okviru \u0161kofijskega Zavoda Friderika Ireneja Baraga&nbsp;v letu 2019 pri\u010denja z novim projektom, tako imenovanim&nbsp;Novome\u0161kim sakralnim abonmajem, s katerim Novo mesto stopa ob bok drugim evropskim mestom, kjer so tak\u0161ni abonmaji postali \u017ee tradicija. S tem projektom \u017eelijo ponuditi novo mo\u017enost kulturnega udejstvovanja za ob\u010dinstvo iz Novega mesta &hellip; Preberi ve\u010d &quot;Sakralni abonma&quot;\" \/>\n<meta property=\"og:url\" content=\"https:\/\/zavod-baraga.si\/?page_id=1181\" \/>\n<meta property=\"og:site_name\" content=\"Zavod Friderik Irenej Baraga\" \/>\n<meta name=\"twitter:card\" content=\"summary_large_image\" \/>\n<meta name=\"twitter:label1\" content=\"Est. reading time\" \/>\n\t<meta name=\"twitter:data1\" content=\"1 minuta\" \/>\n<script type=\"application\/ld+json\" class=\"yoast-schema-graph\">{\"@context\":\"https:\/\/schema.org\",\"@graph\":[{\"@type\":\"WebPage\",\"@id\":\"https:\/\/zavod-baraga.si\/?page_id=1181\",\"url\":\"https:\/\/zavod-baraga.si\/?page_id=1181\",\"name\":\"Sakralni abonma - Zavod Friderik Irenej Baraga\",\"isPartOf\":{\"@id\":\"https:\/\/zavod-baraga.si\/#website\"},\"datePublished\":\"2019-05-18T15:59:12+00:00\",\"dateModified\":\"2019-05-18T15:59:12+00:00\",\"breadcrumb\":{\"@id\":\"https:\/\/zavod-baraga.si\/?page_id=1181#breadcrumb\"},\"inLanguage\":\"sl-SI\",\"potentialAction\":[{\"@type\":\"ReadAction\",\"target\":[\"https:\/\/zavod-baraga.si\/?page_id=1181\"]}]},{\"@type\":\"BreadcrumbList\",\"@id\":\"https:\/\/zavod-baraga.si\/?page_id=1181#breadcrumb\",\"itemListElement\":[{\"@type\":\"ListItem\",\"position\":1,\"name\":\"Home\",\"item\":\"https:\/\/zavod-baraga.si\/\"},{\"@type\":\"ListItem\",\"position\":2,\"name\":\"Sakralni abonma\"}]},{\"@type\":\"WebSite\",\"@id\":\"https:\/\/zavod-baraga.si\/#website\",\"url\":\"https:\/\/zavod-baraga.si\/\",\"name\":\"Zavod Friderik Irenej Baraga\",\"description\":\"za vzgojo, izobra\u017eevanje in kulturne dejavnosti\",\"potentialAction\":[{\"@type\":\"SearchAction\",\"target\":{\"@type\":\"EntryPoint\",\"urlTemplate\":\"https:\/\/zavod-baraga.si\/?s={search_term_string}\"},\"query-input\":\"required name=search_term_string\"}],\"inLanguage\":\"sl-SI\"}]}<\/script>\n<!-- \/ Yoast SEO plugin. -->","yoast_head_json":{"title":"Sakralni abonma - Zavod Friderik Irenej Baraga","robots":{"index":"index","follow":"follow","max-snippet":"max-snippet:-1","max-image-preview":"max-image-preview:large","max-video-preview":"max-video-preview:-1"},"canonical":"https:\/\/zavod-baraga.si\/?page_id=1181","og_locale":"sl_SI","og_type":"article","og_title":"Sakralni abonma - Zavod Friderik Irenej Baraga","og_description":"Konservatorij za glasbo Jurij Slatkonja, ki deluje v okviru \u0161kofijskega Zavoda Friderika Ireneja Baraga&nbsp;v letu 2019 pri\u010denja z novim projektom, tako imenovanim&nbsp;Novome\u0161kim sakralnim abonmajem, s katerim Novo mesto stopa ob bok drugim evropskim mestom, kjer so tak\u0161ni abonmaji postali \u017ee tradicija. S tem projektom \u017eelijo ponuditi novo mo\u017enost kulturnega udejstvovanja za ob\u010dinstvo iz Novega mesta &hellip; Preberi ve\u010d \"Sakralni abonma\"","og_url":"https:\/\/zavod-baraga.si\/?page_id=1181","og_site_name":"Zavod Friderik Irenej Baraga","twitter_card":"summary_large_image","twitter_misc":{"Est. reading time":"1 minuta"},"schema":{"@context":"https:\/\/schema.org","@graph":[{"@type":"WebPage","@id":"https:\/\/zavod-baraga.si\/?page_id=1181","url":"https:\/\/zavod-baraga.si\/?page_id=1181","name":"Sakralni abonma - Zavod Friderik Irenej Baraga","isPartOf":{"@id":"https:\/\/zavod-baraga.si\/#website"},"datePublished":"2019-05-18T15:59:12+00:00","dateModified":"2019-05-18T15:59:12+00:00","breadcrumb":{"@id":"https:\/\/zavod-baraga.si\/?page_id=1181#breadcrumb"},"inLanguage":"sl-SI","potentialAction":[{"@type":"ReadAction","target":["https:\/\/zavod-baraga.si\/?page_id=1181"]}]},{"@type":"BreadcrumbList","@id":"https:\/\/zavod-baraga.si\/?page_id=1181#breadcrumb","itemListElement":[{"@type":"ListItem","position":1,"name":"Home","item":"https:\/\/zavod-baraga.si\/"},{"@type":"ListItem","position":2,"name":"Sakralni abonma"}]},{"@type":"WebSite","@id":"https:\/\/zavod-baraga.si\/#website","url":"https:\/\/zavod-baraga.si\/","name":"Zavod Friderik Irenej Baraga","description":"za vzgojo, izobra\u017eevanje in kulturne dejavnosti","potentialAction":[{"@type":"SearchAction","target":{"@type":"EntryPoint","urlTemplate":"https:\/\/zavod-baraga.si\/?s={search_term_string}"},"query-input":"required name=search_term_string"}],"inLanguage":"sl-SI"}]}},"jetpack_sharing_enabled":true,"_links":{"self":[{"href":"https:\/\/zavod-baraga.si\/index.php?rest_route=\/wp\/v2\/pages\/1181"}],"collection":[{"href":"https:\/\/zavod-baraga.si\/index.php?rest_route=\/wp\/v2\/pages"}],"about":[{"href":"https:\/\/zavod-baraga.si\/index.php?rest_route=\/wp\/v2\/types\/page"}],"author":[{"embeddable":true,"href":"https:\/\/zavod-baraga.si\/index.php?rest_route=\/wp\/v2\/users\/2"}],"replies":[{"embeddable":true,"href":"https:\/\/zavod-baraga.si\/index.php?rest_route=%2Fwp%2Fv2%2Fcomments&post=1181"}],"version-history":[{"count":1,"href":"https:\/\/zavod-baraga.si\/index.php?rest_route=\/wp\/v2\/pages\/1181\/revisions"}],"predecessor-version":[{"id":1184,"href":"https:\/\/zavod-baraga.si\/index.php?rest_route=\/wp\/v2\/pages\/1181\/revisions\/1184"}],"wp:attachment":[{"href":"https:\/\/zavod-baraga.si\/index.php?rest_route=%2Fwp%2Fv2%2Fmedia&parent=1181"}],"curies":[{"name":"wp","href":"https:\/\/api.w.org\/{rel}","templated":true}]}}